{"id":5104,"date":"2024-09-25T17:51:53","date_gmt":"2024-09-25T15:51:53","guid":{"rendered":"https:\/\/biancaandrew.com\/biografie\/"},"modified":"2025-12-08T09:57:08","modified_gmt":"2025-12-08T08:57:08","slug":"biografie","status":"publish","type":"page","link":"https:\/\/biancaandrew.com\/de\/biografie\/","title":{"rendered":"Biografie"},"content":{"rendered":"[vc_row type=&#8220;full_width_background&#8220; full_screen_row_position=&#8220;middle&#8220; column_margin=&#8220;default&#8220; column_direction=&#8220;default&#8220; column_direction_tablet=&#8220;default&#8220; column_direction_phone=&#8220;default&#8220; bg_color=&#8220;#ffffff&#8220; bg_image=&#8220;4364&#8243; bg_image_type=&#8220;default&#8220; bg_position=&#8220;center top&#8220; background_image_loading=&#8220;default&#8220; bg_repeat=&#8220;no-repeat&#8220; full_height=&#8220;yes&#8220; scene_position=&#8220;center&#8220; text_color=&#8220;light&#8220; text_align=&#8220;left&#8220; row_border_radius=&#8220;none&#8220; row_border_radius_applies=&#8220;bg&#8220; row_position_desktop=&#8220;default&#8220; row_position_tablet=&#8220;inherit&#8220; row_position_phone=&#8220;inherit&#8220; overflow=&#8220;visible&#8220; id=&#8220;biography&#8220; row_name=&#8220;Biography&#8220; advanced_gradient=&#8220;linear-gradient(90deg, rgba(255,255,255,0.2) 49%, rgba(150,166,178,0.6) 82%)&#8220; advanced_gradient_angle=&#8220;90&#8243; shape_divider_color=&#8220;rgba(0,0,0,0.5)&#8220; shape_divider_position=&#8220;both&#8220; shape_divider_height=&#8220;200&#8243; bg_image_animation=&#8220;zoom-out-slow&#8220; shape_type=&#8220;mountains&#8220; gradient_type=&#8220;advanced&#8220; advanced_gradient_display_type=&#8220;linear&#8220;][vc_column column_padding=&#8220;padding-11-percent&#8220; column_padding_tablet=&#8220;inherit&#8220; column_padding_phone=&#8220;inherit&#8220; column_padding_position=&#8220;left-right&#8220; flex_gap_desktop=&#8220;10px&#8220; column_element_direction_desktop=&#8220;default&#8220; column_element_spacing=&#8220;default&#8220; desktop_text_alignment=&#8220;default&#8220; tablet_text_alignment=&#8220;default&#8220; phone_text_alignment=&#8220;default&#8220; background_color_opacity=&#8220;1&#8243; background_hover_color_opacity=&#8220;1&#8243; column_backdrop_filter=&#8220;none&#8220; column_shadow=&#8220;none&#8220; column_border_radius=&#8220;none&#8220; column_link_target=&#8220;_self&#8220; column_position=&#8220;default&#8220; gradient_direction=&#8220;left_to_right&#8220; overlay_strength=&#8220;0.3&#8243; width=&#8220;1\/1&#8243; tablet_width_inherit=&#8220;default&#8220; animation_type=&#8220;default&#8220; bg_image_animation=&#8220;none&#8220; border_type=&#8220;simple&#8220; column_border_width=&#8220;none&#8220; column_border_style=&#8220;solid&#8220;][vc_row_inner equal_height=&#8220;yes&#8220; column_margin=&#8220;none&#8220; column_direction=&#8220;default&#8220; column_direction_tablet=&#8220;default&#8220; column_direction_phone=&#8220;default&#8220; text_align=&#8220;left&#8220; row_position=&#8220;default&#8220; row_position_tablet=&#8220;inherit&#8220; row_position_phone=&#8220;inherit&#8220; overflow=&#8220;visible&#8220; pointer_events=&#8220;all&#8220;][vc_column_inner column_padding=&#8220;padding-5-percent&#8220; column_padding_tablet=&#8220;inherit&#8220; column_padding_phone=&#8220;inherit&#8220; column_padding_position=&#8220;all&#8220; flex_gap_desktop=&#8220;10px&#8220; column_element_direction_desktop=&#8220;default&#8220; column_element_spacing=&#8220;50px&#8220; desktop_text_alignment=&#8220;default&#8220; tablet_text_alignment=&#8220;default&#8220; phone_text_alignment=&#8220;default&#8220; background_color_opacity=&#8220;1&#8243; background_hover_color_opacity=&#8220;1&#8243; column_backdrop_filter=&#8220;none&#8220; column_shadow=&#8220;none&#8220; column_border_radius=&#8220;10px&#8220; column_link_target=&#8220;_self&#8220; overflow=&#8220;visible&#8220; gradient_direction=&#8220;left_to_right&#8220; overlay_strength=&#8220;0.3&#8243; width=&#8220;3\/5&#8243; tablet_width_inherit=&#8220;default&#8220; animation_type=&#8220;entrance_and_parallax&#8220; animation_movement_type=&#8220;default&#8220; column_parallax_intensity=&#8220;3&#8243; enable_animation=&#8220;true&#8220; animation=&#8220;fade-in-from-bottom&#8220; animation_easing=&#8220;default&#8220; bg_image_animation=&#8220;none&#8220; border_type=&#8220;simple&#8220; column_border_width=&#8220;none&#8220; column_border_style=&#8220;solid&#8220; column_padding_type=&#8220;default&#8220; gradient_type=&#8220;default&#8220;][\/vc_column_inner][vc_column_inner column_padding=&#8220;no-extra-padding&#8220; column_padding_tablet=&#8220;inherit&#8220; column_padding_phone=&#8220;inherit&#8220; column_padding_position=&#8220;top-bottom&#8220; flex_gap_desktop=&#8220;10px&#8220; column_element_direction_desktop=&#8220;default&#8220; column_element_spacing=&#8220;default&#8220; desktop_text_alignment=&#8220;default&#8220; tablet_text_alignment=&#8220;default&#8220; phone_text_alignment=&#8220;default&#8220; background_color_opacity=&#8220;1&#8243; background_hover_color_opacity=&#8220;1&#8243; column_backdrop_filter=&#8220;none&#8220; column_shadow=&#8220;none&#8220; column_border_radius=&#8220;none&#8220; column_link_target=&#8220;_self&#8220; overflow=&#8220;visible&#8220; el_class=&#8220;biography&#8220; gradient_direction=&#8220;left_to_right&#8220; overlay_strength=&#8220;0.3&#8243; width=&#8220;2\/5&#8243; tablet_width_inherit=&#8220;default&#8220; animation_type=&#8220;default&#8220; enable_animation=&#8220;true&#8220; animation=&#8220;fade-in-from-bottom&#8220; animation_easing=&#8220;default&#8220; bg_image_animation=&#8220;none&#8220; border_type=&#8220;simple&#8220; column_border_width=&#8220;none&#8220; column_border_style=&#8220;solid&#8220; delay=&#8220;100&#8243; column_padding_type=&#8220;default&#8220; gradient_type=&#8220;default&#8220;][vc_column_text css_animation=&#8220;fadeIn&#8220; css=&#8220;.vc_custom_1725719472889{margin-bottom: 10px !important;padding-right: 10% !important;}&#8220; text_direction=&#8220;default&#8220;]\n<h2>Biografie<\/h2>\n[\/vc_column_text][divider line_type=&#8220;No Line&#8220; custom_height=&#8220;5&#8243;][split_line_heading line_reveal_by_space_text_effect=&#8220;letter-reveal-bottom&#8220; font_style=&#8220;h3&#8243; stagger_animation=&#8220;true&#8220; font_size_max=&#8220;48px&#8220; content_alignment=&#8220;default&#8220; mobile_content_alignment=&#8220;inherit&#8220; animation_type=&#8220;line-reveal-by-space&#8220; link_target=&#8220;_self&#8220; text_content=&#8220;Die neuseel\u00e4ndische Mezzosopranistin Bianca Andrew, die f\u00fcr ihre \u201eatemberaubend perfekte Gesangsleistung\u201d gelobt wird, ist seit 2019 Mitglied des Ensembles der Oper Frankfurt. Nach gefeierten Auftritten als Sesto in H\u00e4ndels Giulio Cesare in Egitto und als Aurelia in Vito \u017durajs Bl\u00fchen wird das Frankfurter Publikum in dieser Saison Bianca in ihren Rollendeb\u00fcts als Bizets Carmen und Charlotte in Werther erleben k\u00f6nnen.&#8220; font_size=&#8220;1.5vw&#8220; font_size_phone=&#8220;3em&#8220; font_line_height=&#8220;1.3&#8243; font_size_tablet=&#8220;7vw&#8220; text_direction=&#8220;default&#8220;][\/split_line_heading][team_member image_url=&#8220;4162&#8243; bio_image_url=&#8220;4347&#8243; team_memeber_style=&#8220;bio_fullscreen&#8220; image_loading=&#8220;default&#8220; team_member_bio_full_html=&#8220;html&#8220; image_size=&#8220;&#8222;medium&#8222;&#8220; name=&#8220;Bianca Andrew&#8220;]\u201eWas f\u00fcr eine Stimme! Gro\u00df, schlank und dennoch mit einer vollbl\u00fctigen Sch\u00f6nheit in den dramatischen Momenten ausgestattet, empfiehlt ihre Mezzosopranstimme sie als Virtuosin erster Klasse\u201c \u2013 Kirstin Liese, Klassik begeistert 2024<\/p>\n<p>Die in Neuseeland geborene Mezzosopranistin Bianca Andrew ist Mitglied des Ensembles der Oper Frankfurt, wo sie k\u00fcrzlich als Sesto in Nadja Loschkys Inszenierung von Giulio Cesare in Egitto und als Aurelia in Vito \u017durajs Oper Bl\u00fchen (Opernwelt Urauff\u00fchrung des Jahres 2023) unter der Regie von Brigitte Fassbaender ihr von der Kritik gefeiertes Deb\u00fct gab.<\/p>\n<p>Bekannt f\u00fcr ihre \u201efaszinierend glaubw\u00fcrdigen Charakterdarstellungen, gekr\u00f6nt von einer atemberaubend perfekten Gesangstechnik\u201c (Der Opernfreund), gibt Bianca in der Saison 2025\/26 wichtige Rollendeb\u00fcts an der Oper Frankfurt, darunter die Titelrolle in Barrie Koskys Inszenierung von Carmen und Charlotte in Werther an der Seite des Tenors John Osbourne. Zu Beginn dieser Saison trat Bianca au\u00dferdem mit dem WDR Sinfonieorchester als Page in Salome unter der Leitung von Christian M\u0103celaru in der Philharmonie K\u00f6ln und beim Enescu Festival in Bukarest auf.<\/p>\n<p>Seit ihrem Eintritt in das Ensemble der Oper Frankfurt im Jahr 2019 hat Bianca viele bemerkenswerte Rollen verk\u00f6rpert, darunter La Cenerentola, Xerxes und H\u00e4nsel und Gretel sowie Adalgisa Norma, Bont\u00e9 Guercoeur, die Zarin Heiligabend, Preziosilla La forza del Destino, Suzuki Madama Butterfly, Enrichetta di Francia I Puritani, Tebaldo Don Carlos und Gymnasiast Lulu.<\/p>\n<p>Zu Biancas Engagements au\u00dferhalb Frankfurts z\u00e4hlen Rollen wie Fricka in Brigitte Fassbaenders Inszenierung von Der Ring des Nibelungen f\u00fcr die Tiroler Festspiele Erl, Angelina in La Cenerentola f\u00fcr das Staatstheater Stuttgart, Cherubino in Le nozze di Figaro mit der New Zealand Opera, Flamel in Offenbachs Fantasio f\u00fcr die Garsington Opera und Bernardo in Beatrice Cenci f\u00fcr die Bregenzer Festspiele.<\/p>\n<p>Von der Frankfurter Rundschau als \u201eeine der lebhaftesten und leidenschaftlichsten Perfektionistinnen, die man sich auf der Opernb\u00fchne vorstellen kann\u201d beschrieben, ist Bianca auch eine begeisterte Rezitalistin und pr\u00e4sentierte k\u00fcrzlich zusammen mit der Pianistin Anne Larlee einen Liederabend mit dem Titel \u201eAges of Woman\u201d f\u00fcr die Oper Frankfurt. In ihrem Heimatland Neuseeland tourte Bianca mit dem Ensemble f\u00fcr zeitgen\u00f6ssische Musik STROMA und dem Schriftsteller Alex Ross (Autor von \u201eThe Rest is Noise\u201c) mit einem Programm aus Kammerkompositionen des 20. Jahrhunderts, darunter Berios \u201eFolksongs\u201c, ein Werk, das sie 2020 f\u00fcr die Oper Frankfurt aufgenommen hat.<\/p>\n<p>Bianca begann ihre Opernkarriere als Nachwuchsk\u00fcnstlerin an der New Zealand Opera und studierte Gesang an der New Zealand School of Music bei Margaret Medlyn. Sp\u00e4ter erhielt sie ein Stipendium f\u00fcr ein Studium an der renommierten Guildhall School of Music &amp; Drama in London unter der Leitung von Yvonne Kenny, wo sie unter anderem in H\u00e4ndels Radamisto und als Philom\u00e8ne in Martinus Alexandre zu sehen war. Bianca war Gewinnerin des Song Prize bei den Kathleen Ferrier Awards 2016 in London, des Garsington Opera Leonard Ingrams Award und des Anny Schlemm Prize 2021 in Frankfurt. W\u00e4hrend ihres Studiums und ihrer Karriere wurde Bianca gro\u00dfz\u00fcgig von Dame Kiri Te Kanawa und der Kiri Te Kanawa Foundation unterst\u00fctzt und betreut.<\/p>\n<h6>Biografie aktualisiert im Dezember 2025<\/h6>\n[\/team_member][nectar_btn size=&#8220;jumbo&#8220; button_style=&#8220;see-through-2&#8243; hover_color_override=&#8220;#56abd6&#8243; hover_text_color_override=&#8220;#ffffff&#8220; icon_family=&#8220;none&#8220; el_class=&#8220;biography-button&#8220; url=&#8220;https:\/\/biancaandrew.com\/de\/biografie\/&#8220; text=&#8220;Vollst\u00e4ndige Biografie&#8220; margin_top=&#8220;10&#8243;][divider line_type=&#8220;No Line&#8220; custom_height=&#8220;75&#8243; custom_height_phone=&#8220;50&#8243;][\/vc_column_inner][\/vc_row_inner][\/vc_column][\/vc_row]\n","protected":false},"excerpt":{"rendered":"<p>[vc_row type=&#8220;full_width_background&#8220; full_screen_row_position=&#8220;middle&#8220; column_margin=&#8220;default&#8220; column_direction=&#8220;default&#8220; column_direction_tablet=&#8220;default&#8220; column_direction_phone=&#8220;default&#8220; bg_color=&#8220;#ffffff&#8220; bg_image=&#8220;4364&#8243; bg_image_type=&#8220;default&#8220; bg_position=&#8220;center top&#8220; background_image_loading=&#8220;default&#8220; bg_repeat=&#8220;no-repeat&#8220; full_height=&#8220;yes&#8220; scene_position=&#8220;center&#8220; text_color=&#8220;light&#8220; text_align=&#8220;left&#8220; row_border_radius=&#8220;none&#8220; row_border_radius_applies=&#8220;bg&#8220; row_position_desktop=&#8220;default&#8220; row_position_tablet=&#8220;inherit&#8220; row_position_phone=&#8220;inherit&#8220; overflow=&#8220;visible&#8220; id=&#8220;biography&#8220; row_name=&#8220;Biography&#8220; advanced_gradient=&#8220;linear-gradient(90deg, rgba(255,255,255,0.2) 49%, rgba(150,166,178,0.6)&#8230;<\/p>\n","protected":false},"author":3,"featured_media":0,"parent":0,"menu_order":0,"comment_status":"closed","ping_status":"closed","template":"","meta":{"_acf_changed":false,"inline_featured_image":false,"footnotes":""},"class_list":["post-5104","page","type-page","status-publish"],"acf":[],"yoast_head":"<!-- This site is optimized with the Yoast SEO plugin v27.3 - https:\/\/yoast.com\/product\/yoast-seo-wordpress\/ -->\n<title>Biografie - Bianca Andrew<\/title>\n<meta name=\"robots\" content=\"index, follow, max-snippet:-1, max-image-preview:large, max-video-preview:-1\" \/>\n<link rel=\"canonical\" href=\"https:\/\/biancaandrew.com\/de\/biografie\/\" \/>\n<meta property=\"og:locale\" content=\"de_DE\" \/>\n<meta property=\"og:type\" content=\"article\" \/>\n<meta property=\"og:title\" content=\"Biografie - Bianca Andrew\" \/>\n<meta property=\"og:description\" content=\"[vc_row type=&#8220;full_width_background&#8220; full_screen_row_position=&#8220;middle&#8220; column_margin=&#8220;default&#8220; column_direction=&#8220;default&#8220; column_direction_tablet=&#8220;default&#8220; column_direction_phone=&#8220;default&#8220; bg_color=&#8220;#ffffff&#8220; bg_image=&#8220;4364&#8243; bg_image_type=&#8220;default&#8220; bg_position=&#8220;center top&#8220; background_image_loading=&#8220;default&#8220; bg_repeat=&#8220;no-repeat&#8220; full_height=&#8220;yes&#8220; scene_position=&#8220;center&#8220; text_color=&#8220;light&#8220; text_align=&#8220;left&#8220; row_border_radius=&#8220;none&#8220; row_border_radius_applies=&#8220;bg&#8220; row_position_desktop=&#8220;default&#8220; row_position_tablet=&#8220;inherit&#8220; row_position_phone=&#8220;inherit&#8220; overflow=&#8220;visible&#8220; id=&#8220;biography&#8220; row_name=&#8220;Biography&#8220; advanced_gradient=&#8220;linear-gradient(90deg, rgba(255,255,255,0.2) 49%, rgba(150,166,178,0.6)...\" \/>\n<meta property=\"og:url\" content=\"https:\/\/biancaandrew.com\/de\/biografie\/\" \/>\n<meta property=\"og:site_name\" content=\"Bianca Andrew\" \/>\n<meta property=\"article:modified_time\" content=\"2025-12-08T08:57:08+00:00\" \/>\n<meta name=\"twitter:card\" content=\"summary_large_image\" \/>\n<meta name=\"twitter:label1\" content=\"Gesch\u00e4tzte Lesezeit\" \/>\n\t<meta name=\"twitter:data1\" content=\"3\u00a0Minuten\" \/>\n<script type=\"application\/ld+json\" class=\"yoast-schema-graph\">{\"@context\":\"https:\\\/\\\/schema.org\",\"@graph\":[{\"@type\":\"WebPage\",\"@id\":\"https:\\\/\\\/biancaandrew.com\\\/de\\\/biografie\\\/\",\"url\":\"https:\\\/\\\/biancaandrew.com\\\/de\\\/biografie\\\/\",\"name\":\"Biografie - Bianca Andrew\",\"isPartOf\":{\"@id\":\"https:\\\/\\\/biancaandrew.com\\\/de\\\/#website\"},\"datePublished\":\"2024-09-25T15:51:53+00:00\",\"dateModified\":\"2025-12-08T08:57:08+00:00\",\"breadcrumb\":{\"@id\":\"https:\\\/\\\/biancaandrew.com\\\/de\\\/biografie\\\/#breadcrumb\"},\"inLanguage\":\"de\",\"potentialAction\":[{\"@type\":\"ReadAction\",\"target\":[\"https:\\\/\\\/biancaandrew.com\\\/de\\\/biografie\\\/\"]}]},{\"@type\":\"BreadcrumbList\",\"@id\":\"https:\\\/\\\/biancaandrew.com\\\/de\\\/biografie\\\/#breadcrumb\",\"itemListElement\":[{\"@type\":\"ListItem\",\"position\":1,\"name\":\"Home\",\"item\":\"https:\\\/\\\/biancaandrew.com\\\/de\\\/\"},{\"@type\":\"ListItem\",\"position\":2,\"name\":\"Biografie\"}]},{\"@type\":\"WebSite\",\"@id\":\"https:\\\/\\\/biancaandrew.com\\\/de\\\/#website\",\"url\":\"https:\\\/\\\/biancaandrew.com\\\/de\\\/\",\"name\":\"Bianca Andrew\",\"description\":\"\",\"potentialAction\":[{\"@type\":\"SearchAction\",\"target\":{\"@type\":\"EntryPoint\",\"urlTemplate\":\"https:\\\/\\\/biancaandrew.com\\\/de\\\/?s={search_term_string}\"},\"query-input\":{\"@type\":\"PropertyValueSpecification\",\"valueRequired\":true,\"valueName\":\"search_term_string\"}}],\"inLanguage\":\"de\"}]}<\/script>\n<!-- \/ Yoast SEO plugin. -->","yoast_head_json":{"title":"Biografie - Bianca Andrew","robots":{"index":"index","follow":"follow","max-snippet":"max-snippet:-1","max-image-preview":"max-image-preview:large","max-video-preview":"max-video-preview:-1"},"canonical":"https:\/\/biancaandrew.com\/de\/biografie\/","og_locale":"de_DE","og_type":"article","og_title":"Biografie - Bianca Andrew","og_description":"[vc_row type=&#8220;full_width_background&#8220; full_screen_row_position=&#8220;middle&#8220; column_margin=&#8220;default&#8220; column_direction=&#8220;default&#8220; column_direction_tablet=&#8220;default&#8220; column_direction_phone=&#8220;default&#8220; bg_color=&#8220;#ffffff&#8220; bg_image=&#8220;4364&#8243; bg_image_type=&#8220;default&#8220; bg_position=&#8220;center top&#8220; background_image_loading=&#8220;default&#8220; bg_repeat=&#8220;no-repeat&#8220; full_height=&#8220;yes&#8220; scene_position=&#8220;center&#8220; text_color=&#8220;light&#8220; text_align=&#8220;left&#8220; row_border_radius=&#8220;none&#8220; row_border_radius_applies=&#8220;bg&#8220; row_position_desktop=&#8220;default&#8220; row_position_tablet=&#8220;inherit&#8220; row_position_phone=&#8220;inherit&#8220; overflow=&#8220;visible&#8220; id=&#8220;biography&#8220; row_name=&#8220;Biography&#8220; advanced_gradient=&#8220;linear-gradient(90deg, rgba(255,255,255,0.2) 49%, rgba(150,166,178,0.6)...","og_url":"https:\/\/biancaandrew.com\/de\/biografie\/","og_site_name":"Bianca Andrew","article_modified_time":"2025-12-08T08:57:08+00:00","twitter_card":"summary_large_image","twitter_misc":{"Gesch\u00e4tzte Lesezeit":"3\u00a0Minuten"},"schema":{"@context":"https:\/\/schema.org","@graph":[{"@type":"WebPage","@id":"https:\/\/biancaandrew.com\/de\/biografie\/","url":"https:\/\/biancaandrew.com\/de\/biografie\/","name":"Biografie - Bianca Andrew","isPartOf":{"@id":"https:\/\/biancaandrew.com\/de\/#website"},"datePublished":"2024-09-25T15:51:53+00:00","dateModified":"2025-12-08T08:57:08+00:00","breadcrumb":{"@id":"https:\/\/biancaandrew.com\/de\/biografie\/#breadcrumb"},"inLanguage":"de","potentialAction":[{"@type":"ReadAction","target":["https:\/\/biancaandrew.com\/de\/biografie\/"]}]},{"@type":"BreadcrumbList","@id":"https:\/\/biancaandrew.com\/de\/biografie\/#breadcrumb","itemListElement":[{"@type":"ListItem","position":1,"name":"Home","item":"https:\/\/biancaandrew.com\/de\/"},{"@type":"ListItem","position":2,"name":"Biografie"}]},{"@type":"WebSite","@id":"https:\/\/biancaandrew.com\/de\/#website","url":"https:\/\/biancaandrew.com\/de\/","name":"Bianca Andrew","description":"","potentialAction":[{"@type":"SearchAction","target":{"@type":"EntryPoint","urlTemplate":"https:\/\/biancaandrew.com\/de\/?s={search_term_string}"},"query-input":{"@type":"PropertyValueSpecification","valueRequired":true,"valueName":"search_term_string"}}],"inLanguage":"de"}]}},"_links":{"self":[{"href":"https:\/\/biancaandrew.com\/de\/wp-json\/wp\/v2\/pages\/5104","targetHints":{"allow":["GET"]}}],"collection":[{"href":"https:\/\/biancaandrew.com\/de\/wp-json\/wp\/v2\/pages"}],"about":[{"href":"https:\/\/biancaandrew.com\/de\/wp-json\/wp\/v2\/types\/page"}],"author":[{"embeddable":true,"href":"https:\/\/biancaandrew.com\/de\/wp-json\/wp\/v2\/users\/3"}],"replies":[{"embeddable":true,"href":"https:\/\/biancaandrew.com\/de\/wp-json\/wp\/v2\/comments?post=5104"}],"version-history":[{"count":10,"href":"https:\/\/biancaandrew.com\/de\/wp-json\/wp\/v2\/pages\/5104\/revisions"}],"predecessor-version":[{"id":5457,"href":"https:\/\/biancaandrew.com\/de\/wp-json\/wp\/v2\/pages\/5104\/revisions\/5457"}],"wp:attachment":[{"href":"https:\/\/biancaandrew.com\/de\/wp-json\/wp\/v2\/media?parent=5104"}],"curies":[{"name":"wp","href":"https:\/\/api.w.org\/{rel}","templated":true}]}}